{"id":6,"date":"2022-09-26T17:57:53","date_gmt":"2022-09-26T15:57:53","guid":{"rendered":"https:\/\/landing.dewezet.de\/traumhaus\/?page_id=6"},"modified":"2025-12-12T13:57:02","modified_gmt":"2025-12-12T12:57:02","slug":"countdown","status":"publish","type":"page","link":"https:\/\/landing.dewezet.de\/traumhaus\/","title":{"rendered":"Countdown"},"content":{"rendered":"<p>[et_pb_section fb_built=&#8220;1&#8243; custom_padding_last_edited=&#8220;on|phone&#8220; _builder_version=&#8220;4.16&#8243; _module_preset=&#8220;default&#8220; use_background_color_gradient=&#8220;on&#8220; background_color_gradient_stops=&#8220;rgba(0,0,0,0.5) 0%|rgba(0,0,0,0.53) 100%&#8220; background_color_gradient_overlays_image=&#8220;on&#8220; background_color_gradient_start=&#8220;rgba(0,0,0,0.5)&#8220; background_color_gradient_end=&#8220;rgba(0,0,0,0.53)&#8220; background_image=&#8220;https:\/\/landing.dewezet.de\/traumhaus\/wp-content\/uploads\/sites\/9\/2024\/12\/DEWEZET-Traumhaus-2024-high.gif&#8220; custom_padding=&#8220;10%||10%||true|false&#8220; custom_padding_tablet=&#8220;&#8220; custom_padding_phone=&#8220;30%||30%||true|false&#8220; background_last_edited=&#8220;on|phone&#8220; background_image_phone=&#8220;https:\/\/landing.dewezet.de\/traumhaus\/wp-content\/uploads\/sites\/9\/2024\/12\/IMG_3788-scaled.jpg&#8220; background_enable_image_phone=&#8220;on&#8220; global_colors_info=&#8220;{}&#8220;][et_pb_row _builder_version=&#8220;4.16&#8243; _module_preset=&#8220;default&#8220; global_colors_info=&#8220;{}&#8220;][et_pb_column type=&#8220;4_4&#8243; _builder_version=&#8220;4.16&#8243; _module_preset=&#8220;default&#8220; global_colors_info=&#8220;{}&#8220;][et_pb_text content_tablet=&#8220;<\/p>\n<h2>Traumh\u00e4user von Haustr\u00e4umern<\/h2>\n<h1>Die Traumhaus-Aktion von DEWEZET und Pyrmonter Nachrichten<\/h1>\n<p>&#8220; content_phone=&#8220;<\/p>\n<h2>Traumh\u00e4user von Haustr\u00e4umern<\/h2>\n<h1>Die Traumhaus-Aktion von DEWEZET und Pyrmonter Nachrichten<\/h1>\n<p>&#8220; content_last_edited=&#8220;on|phone&#8220; _builder_version=&#8220;4.27.4&#8243; _module_preset=&#8220;default&#8220; header_font=&#8220;|300|||||||&#8220; header_text_align=&#8220;center&#8220; header_text_color=&#8220;#FFFFFF&#8220; header_font_size=&#8220;20px&#8220; header_line_height=&#8220;1.2em&#8220; header_2_font=&#8220;|700|||||||&#8220; header_2_text_align=&#8220;center&#8220; header_2_text_color=&#8220;#FFFFFF&#8220; header_2_font_size=&#8220;3rem&#8220; header_2_letter_spacing=&#8220;-0.03em&#8220; header_2_line_height=&#8220;1.1em&#8220; header_font_size_tablet=&#8220;&#8220; header_font_size_phone=&#8220;15px&#8220; header_font_size_last_edited=&#8220;on|phone&#8220; header_2_font_size_tablet=&#8220;&#8220; header_2_font_size_phone=&#8220;30px&#8220; header_2_font_size_last_edited=&#8220;on|phone&#8220; global_colors_info=&#8220;{}&#8220;]<\/p>\n<h2>Traumh\u00e4user von Haustr\u00e4umern<\/h2>\n<h1>Die Traumhaus-Aktion von DEWEZET und Pyrmonter Nachrichten<\/h1>\n<p>[\/et_pb_text][\/et_pb_column][\/et_pb_row][\/et_pb_section][et_pb_section fb_built=&#8220;1&#8243; _builder_version=&#8220;4.27.4&#8243; _module_preset=&#8220;default&#8220; background_color=&#8220;RGBA(0,0,0,0)&#8220; custom_margin=&#8220;0px||||false|false&#8220; custom_padding=&#8220;0px||||false|false&#8220; global_colors_info=&#8220;{}&#8220;][et_pb_row custom_padding_last_edited=&#8220;on|phone&#8220; _builder_version=&#8220;4.27.4&#8243; _module_preset=&#8220;default&#8220; background_color=&#8220;#FFFFFF&#8220; width=&#8220;90%&#8220; max_width=&#8220;800px&#8220; custom_margin=&#8220;-50px||||false|false&#8220; custom_padding=&#8220;3rem|3rem|3rem|3rem|true|true&#8220; custom_padding_tablet=&#8220;&#8220; custom_padding_phone=&#8220;1rem|1rem|1rem|1rem|true|true&#8220; border_radii=&#8220;on|15px|15px|15px|15px&#8220; box_shadow_style=&#8220;preset1&#8243; global_colors_info=&#8220;{}&#8220;][et_pb_column type=&#8220;4_4&#8243; _builder_version=&#8220;4.16&#8243; _module_preset=&#8220;default&#8220; custom_padding=&#8220;||||false|false&#8220; global_colors_info=&#8220;{}&#8220;][et_pb_text _builder_version=&#8220;4.27.5&#8243; _module_preset=&#8220;default&#8220; text_text_color=&#8220;#565656&#8243; text_font_size=&#8220;1rem&#8220; text_line_height=&#8220;1.8em&#8220; header_2_font=&#8220;|700|||||||&#8220; header_2_text_color=&#8220;#333333&#8243; header_2_font_size=&#8220;2rem&#8220; header_2_letter_spacing=&#8220;-0.03em&#8220; header_2_line_height=&#8220;1.3em&#8220; header_2_font_size_tablet=&#8220;1.5rem&#8220; header_2_font_size_phone=&#8220;1.5rem&#8220; header_2_font_size_last_edited=&#8220;on|desktop&#8220; global_colors_info=&#8220;{}&#8220;]<\/p>\n<h2 style=\"text-align: center;\">Die Gewinner stehen fest!<\/h2>\n<p style=\"text-align: center;\">Vielen Dank an alle Einreichungen f\u00fcr die Traumhaus-Aktion 2025. Weiter unten auf dieser Seite finden sich alle Infos und Eindr\u00fccke von der Gewinn\u00fcbergabe.<\/p>\n<p>[\/et_pb_text][et_pb_button button_url=&#8220;#gewinner&#8220; url_new_window=&#8220;on&#8220; button_text=&#8220;Alle Gewinner&#8220; button_alignment=&#8220;center&#8220; _builder_version=&#8220;4.27.5&#8243; _module_preset=&#8220;default&#8220; custom_button=&#8220;on&#8220; button_text_size=&#8220;16px&#8220; button_text_color=&#8220;#000000&#8243; button_bg_color=&#8220;#f2d828&#8243; button_border_color=&#8220;RGBA(255,255,255,0)&#8220; button_border_radius=&#8220;100px&#8220; button_font=&#8220;|700|||||||&#8220; button_icon=&#8220;&#x22;||divi||400&#8243; button_on_hover=&#8220;off&#8220; custom_padding=&#8220;0.5rem|3rem|0.5rem|2rem|true|false&#8220; global_colors_info=&#8220;{}&#8220;][\/et_pb_button][\/et_pb_column][\/et_pb_row][\/et_pb_section][et_pb_section fb_built=&#8220;1&#8243; custom_padding_last_edited=&#8220;on|phone&#8220; _builder_version=&#8220;4.27.5&#8243; _module_preset=&#8220;default&#8220; background_color=&#8220;#FFFFFF&#8220; custom_padding_tablet=&#8220;&#8220; custom_padding_phone=&#8220;|0px|20px|0px|false|false&#8220; background_color_phone=&#8220;#FFFFFF&#8220; background_last_edited=&#8220;on|phone&#8220; background_enable_color_phone=&#8220;on&#8220; global_colors_info=&#8220;{}&#8220;][et_pb_row column_structure=&#8220;2_5,3_5&#8243; make_equal=&#8220;on&#8220; custom_padding_last_edited=&#8220;on|phone&#8220; _builder_version=&#8220;4.27.5&#8243; _module_preset=&#8220;default&#8220; custom_margin=&#8220;||||false|false&#8220; custom_padding_tablet=&#8220;&#8220; custom_padding_phone=&#8220;|0px||0px|false|false&#8220; custom_css_main_element=&#8220;align-items: center;&#8220; global_colors_info=&#8220;{}&#8220;][et_pb_column type=&#8220;2_5&#8243; _builder_version=&#8220;4.16&#8243; _module_preset=&#8220;default&#8220; global_colors_info=&#8220;{}&#8220;][et_pb_image src=&#8220;https:\/\/landing.dewezet.de\/traumhaus\/wp-content\/uploads\/sites\/9\/2022\/09\/kinderaktion.png&#8220; title_text=&#8220;kinderaktion&#8220; disabled_on=&#8220;on|off|off&#8220; _builder_version=&#8220;4.16&#8243; _module_preset=&#8220;default&#8220; custom_margin=&#8220;30px||||false|false&#8220; global_colors_info=&#8220;{}&#8220;][\/et_pb_image][\/et_pb_column][et_pb_column type=&#8220;3_5&#8243; _builder_version=&#8220;4.16&#8243; _module_preset=&#8220;default&#8220; global_colors_info=&#8220;{}&#8220;][et_pb_text _builder_version=&#8220;4.27.5&#8243; _module_preset=&#8220;default&#8220; text_text_color=&#8220;#565656&#8243; text_font_size=&#8220;1rem&#8220; text_line_height=&#8220;1.8em&#8220; header_2_font=&#8220;|700|||||||&#8220; header_2_text_color=&#8220;#333333&#8243; header_2_font_size=&#8220;2rem&#8220; header_2_letter_spacing=&#8220;-0.03em&#8220; header_2_line_height=&#8220;1.3em&#8220; header_2_font_size_tablet=&#8220;1.5rem&#8220; header_2_font_size_phone=&#8220;1.5rem&#8220; header_2_font_size_last_edited=&#8220;on|desktop&#8220; global_colors_info=&#8220;{}&#8220;]<\/p>\n<h2>Gewinn\u00fcbergabe bei DEWEZET mit vielen G\u00e4sten und jetzt f\u00fcnf Sponsoren: Das war die Traumhaus-Aktion 2025<\/h2>\n<p>Welch ein Trubel in der DEWEZET-Gesch\u00e4ftsstelle: Claudia Mielke, Verkaufsleiterin Print, und Medienberaterin Petra Nowak nahmen die \u00dcbergabe der Preise zusammen mit den Sponsoren \u2013 Oliver Isenbart (Steinmann-Bau), Henrik Reimann (Honig-Hagebaumarkt), Carsten Bei\u00dfner und Susanne Klocke (Bei\u00dfner Hochbau), Daniel Knuhr (Sparkasse Hameln-Weserbergland) sowie Christian Behr (MBD Tischlerei) \u2013 an die besten Traumhaus-Architekten vor. Gespannte Stille wechselte mit ausgelassener Freude. \u00dcber 80 G\u00e4ste waren gekommen, genauer gesagt: Eltern, Gro\u00dfeltern, stolze Geschwister sowie Grundschulklassenlehrer und -Betreuer und nat\u00fcrlich die jungen K\u00fcnstlerinnen und K\u00fcnstler selbst. Ja, sie hatten wahre Sch\u00e4tze geschaffen. Die Traumhaus-Aktion von DEWEZET und Pyrmonter Nachrichten verliert nach einem Jahrzehnt kein bisschen an Schwung. Bravo!<\/p>\n<p>[\/et_pb_text][\/et_pb_column][\/et_pb_row][\/et_pb_section][et_pb_section fb_built=&#8220;1&#8243; custom_padding_last_edited=&#8220;on|phone&#8220; _builder_version=&#8220;4.27.4&#8243; _module_preset=&#8220;default&#8220; background_color=&#8220;#f9f9f9&#8243; custom_padding_tablet=&#8220;&#8220; custom_padding_phone=&#8220;0px||0px||false|false&#8220; global_colors_info=&#8220;{}&#8220;][et_pb_row custom_padding_last_edited=&#8220;on|phone&#8220; _builder_version=&#8220;4.27.5&#8243; _module_preset=&#8220;default&#8220; width_tablet=&#8220;&#8220; width_phone=&#8220;100%&#8220; width_last_edited=&#8220;on|phone&#8220; custom_padding_tablet=&#8220;&#8220; custom_padding_phone=&#8220;0px||0px||false|false&#8220; global_colors_info=&#8220;{}&#8220;][et_pb_column type=&#8220;4_4&#8243; _builder_version=&#8220;4.16&#8243; _module_preset=&#8220;default&#8220; global_colors_info=&#8220;{}&#8220;][et_pb_video src=&#8220;https:\/\/vimeo.com\/1144308854\/01035e5ce2?fl=ls&#038;fe=ec&#8220; _builder_version=&#8220;4.27.5&#8243; _module_preset=&#8220;default&#8220; global_colors_info=&#8220;{}&#8220;][\/et_pb_video][\/et_pb_column][\/et_pb_row][\/et_pb_section][et_pb_section fb_built=&#8220;1&#8243; module_id=&#8220;gewinner&#8220; _builder_version=&#8220;4.27.5&#8243; _module_preset=&#8220;default&#8220; background_color=&#8220;#FFFFFF&#8220; global_colors_info=&#8220;{}&#8220;][et_pb_row column_structure=&#8220;2_5,3_5&#8243; make_equal=&#8220;on&#8220; custom_padding_last_edited=&#8220;on|phone&#8220; _builder_version=&#8220;4.27.5&#8243; _module_preset=&#8220;default&#8220; custom_padding=&#8220;||||false|false&#8220; custom_padding_tablet=&#8220;||||false|false&#8220; custom_padding_phone=&#8220;||0px||false|false&#8220; custom_css_main_element=&#8220;align-items: center;&#8220; global_colors_info=&#8220;{}&#8220;][et_pb_column type=&#8220;2_5&#8243; _builder_version=&#8220;4.16&#8243; _module_preset=&#8220;default&#8220; global_colors_info=&#8220;{}&#8220;][et_pb_text _builder_version=&#8220;4.27.5&#8243; _module_preset=&#8220;default&#8220; text_text_color=&#8220;#565656&#8243; text_font_size=&#8220;1rem&#8220; text_line_height=&#8220;1.8em&#8220; header_2_font=&#8220;|700|||||||&#8220; header_2_text_color=&#8220;#333333&#8243; header_2_font_size=&#8220;2rem&#8220; header_2_letter_spacing=&#8220;-0.03em&#8220; header_2_line_height=&#8220;1.3em&#8220; custom_margin=&#8220;||10px||false|false&#8220; custom_padding=&#8220;||0px||false|false&#8220; header_2_font_size_tablet=&#8220;1.5rem&#8220; header_2_font_size_phone=&#8220;1.5rem&#8220; header_2_font_size_last_edited=&#8220;on|desktop&#8220; global_colors_info=&#8220;{}&#8220;]<\/p>\n<h2>Traumhaus-Aktion 2025: Das sind die Gewinner<\/h2>\n<p>[\/et_pb_text][et_pb_text _builder_version=&#8220;4.27.5&#8243; _module_preset=&#8220;default&#8220; text_text_color=&#8220;#565656&#8243; text_font_size=&#8220;1rem&#8220; text_line_height=&#8220;1.8em&#8220; header_2_font=&#8220;|700|||||||&#8220; header_2_text_color=&#8220;#333333&#8243; header_2_font_size=&#8220;2rem&#8220; header_2_letter_spacing=&#8220;-0.03em&#8220; header_2_line_height=&#8220;1.3em&#8220; header_2_font_size_tablet=&#8220;1.5rem&#8220; header_2_font_size_phone=&#8220;1.5rem&#8220; header_2_font_size_last_edited=&#8220;on|desktop&#8220; global_colors_info=&#8220;{}&#8220;]<\/p>\n<p><strong>Mit den meisten Votes auf www.dewezet.de und schlie\u00dflich auch durch die Stimmen der Jury haben Caja und Gesa Zibuhr (11 und 4 Jahre alt) aus Aerzen in einer geschwisterlichen Kooperation den Wettbewerb \u201eTraumhaus 2025\u201c f\u00fcr sich entscheiden k\u00f6nnen. Ihr Preis: ein Gutschein im Wert von stolzen 350 Euro, gestiftet vom Hagebaumarkt Hameln!<\/strong><\/p>\n<p>[\/et_pb_text][\/et_pb_column][et_pb_column type=&#8220;3_5&#8243; _builder_version=&#8220;4.16&#8243; _module_preset=&#8220;default&#8220; global_colors_info=&#8220;{}&#8220;][et_pb_image src=&#8220;https:\/\/landing.dewezet.de\/traumhaus\/wp-content\/uploads\/sites\/9\/2025\/12\/Foto-Alternative-2-Haupttext-scaled.jpg&#8220; title_text=&#8220;Foto Alternative 2 Haupttext&#8220; _builder_version=&#8220;4.27.5&#8243; _module_preset=&#8220;default&#8220; border_radii=&#8220;on|12px|12px|12px|12px&#8220; global_colors_info=&#8220;{}&#8220;][\/et_pb_image][\/et_pb_column][\/et_pb_row][et_pb_row make_equal=&#8220;on&#8220; _builder_version=&#8220;4.16&#8243; _module_preset=&#8220;default&#8220; custom_css_main_element=&#8220;align-items: center;&#8220; global_colors_info=&#8220;{}&#8220;][et_pb_column type=&#8220;4_4&#8243; _builder_version=&#8220;4.16&#8243; _module_preset=&#8220;default&#8220; global_colors_info=&#8220;{}&#8220;][et_pb_text _builder_version=&#8220;4.27.5&#8243; _module_preset=&#8220;default&#8220; text_text_color=&#8220;#565656&#8243; text_font_size=&#8220;1rem&#8220; text_line_height=&#8220;1.8em&#8220; header_2_font=&#8220;|700|||||||&#8220; header_2_text_color=&#8220;#333333&#8243; header_2_font_size=&#8220;2rem&#8220; header_2_letter_spacing=&#8220;-0.03em&#8220; header_2_line_height=&#8220;1.3em&#8220; header_2_font_size_tablet=&#8220;1.5rem&#8220; header_2_font_size_phone=&#8220;1.5rem&#8220; header_2_font_size_last_edited=&#8220;on|desktop&#8220; global_colors_info=&#8220;{}&#8220;]<\/p>\n<p>Aber auch f\u00fcr die weiteren Gewinner gab es bei der Preis\u00fcbergabe in der Gesch\u00e4ftsstelle von DEWEZET an der Osterstra\u00dfe in Hameln gro\u00dfen Applaus. Dank der Tatsache, dass nunmehr schon f\u00fcnf Sponsoren die beliebte Aktion der Tageszeitung tatkr\u00e4ftig unterst\u00fctzen, wurden in diesem Jahr noch weitere vier Hauptpreise verliehen. De facto: Nicht drei \u201eTreppchen-Pl\u00e4tze\u201c, wie \u00fcblich, sondern f\u00fcnf.<\/p>\n<p>Und so freut sich der neunj\u00e4hrige Ferdinand Pritzkow aus Emmerthal \u00fcber die von der Sparkasse Hameln-Weserbergland beigesteuerte Jahreskarte f\u00fcr den Erlebnis-Zoo Hannover im Wert von 223 Euro genauso wie die Geschwister Malina, Julian und Lionel Selensky aus Aerzen, die einen ebensolchen Gutschein von Bei\u00dfner Hochbau \u00fcberreicht bekamen. Marina-Lou Schulze (10) und Leon Simon (8) aus Hastenbeck freuen sich ebenfalls darauf, mit ihren Familien den Elefanten, Affen und ihren weiteren tierischen Freunden in Hannover einen Besuch abzustatten, der von Steinmann-Bau gesponsert wird. Die Tischlerei MBD aus Hameln steuert ebenso einen Zoogutschein bei, \u00fcber den sich Azra Kaya (11) aus Emmerthal bei der \u00dcbergabe riesig freute.<\/p>\n<p>[\/et_pb_text][\/et_pb_column][\/et_pb_row][et_pb_row column_structure=&#8220;1_3,1_3,1_3&#8243; make_equal=&#8220;on&#8220; custom_padding_last_edited=&#8220;on|phone&#8220; _builder_version=&#8220;4.27.5&#8243; _module_preset=&#8220;default&#8220; custom_margin_tablet=&#8220;&#8220; custom_margin_phone=&#8220;||0px||false|false&#8220; custom_margin_last_edited=&#8220;on|phone&#8220; custom_padding_tablet=&#8220;&#8220; custom_padding_phone=&#8220;||0px||false|false&#8220; custom_css_main_element=&#8220;align-items: center;&#8220; global_colors_info=&#8220;{}&#8220;][et_pb_column type=&#8220;1_3&#8243; _builder_version=&#8220;4.16&#8243; _module_preset=&#8220;default&#8220; global_colors_info=&#8220;{}&#8220;][et_pb_image src=&#8220;https:\/\/landing.dewezet.de\/traumhaus\/wp-content\/uploads\/sites\/9\/2025\/12\/Gewinner-Sponsor-Hagebau-scaled.jpg&#8220; title_text=&#8220;Gewinner Sponsor Hagebau&#8220; _builder_version=&#8220;4.27.5&#8243; _module_preset=&#8220;default&#8220; border_radii=&#8220;on|12px|12px|12px|12px&#8220; global_colors_info=&#8220;{}&#8220;][\/et_pb_image][\/et_pb_column][et_pb_column type=&#8220;1_3&#8243; _builder_version=&#8220;4.16&#8243; _module_preset=&#8220;default&#8220; global_colors_info=&#8220;{}&#8220;][et_pb_image src=&#8220;https:\/\/landing.dewezet.de\/traumhaus\/wp-content\/uploads\/sites\/9\/2025\/12\/Gewinner-Sponsor-Sparkasse-scaled.jpg&#8220; title_text=&#8220;Gewinner Sponsor Sparkasse&#8220; _builder_version=&#8220;4.27.5&#8243; _module_preset=&#8220;default&#8220; border_radii=&#8220;on|12px|12px|12px|12px&#8220; global_colors_info=&#8220;{}&#8220;][\/et_pb_image][\/et_pb_column][et_pb_column type=&#8220;1_3&#8243; _builder_version=&#8220;4.16&#8243; _module_preset=&#8220;default&#8220; global_colors_info=&#8220;{}&#8220;][et_pb_image src=&#8220;https:\/\/landing.dewezet.de\/traumhaus\/wp-content\/uploads\/sites\/9\/2025\/12\/Gewinner-Sponsor-MBD-scaled.jpg&#8220; title_text=&#8220;Gewinner Sponsor MBD&#8220; _builder_version=&#8220;4.27.5&#8243; _module_preset=&#8220;default&#8220; border_radii=&#8220;on|12px|12px|12px|12px&#8220; global_colors_info=&#8220;{}&#8220;][\/et_pb_image][\/et_pb_column][\/et_pb_row][et_pb_row column_structure=&#8220;1_3,1_3,1_3&#8243; make_equal=&#8220;on&#8220; _builder_version=&#8220;4.27.5&#8243; _module_preset=&#8220;default&#8220; custom_css_main_element=&#8220;align-items: center;&#8220; global_colors_info=&#8220;{}&#8220;][et_pb_column type=&#8220;1_3&#8243; _builder_version=&#8220;4.16&#8243; _module_preset=&#8220;default&#8220; global_colors_info=&#8220;{}&#8220;][et_pb_image src=&#8220;https:\/\/landing.dewezet.de\/traumhaus\/wp-content\/uploads\/sites\/9\/2025\/12\/Gewinner-Sponsor-Beissner-scaled.jpg&#8220; title_text=&#8220;Gewinner Sponsor Bei\u00dfner&#8220; _builder_version=&#8220;4.27.5&#8243; _module_preset=&#8220;default&#8220; border_radii=&#8220;on|12px|12px|12px|12px&#8220; global_colors_info=&#8220;{}&#8220;][\/et_pb_image][\/et_pb_column][et_pb_column type=&#8220;1_3&#8243; _builder_version=&#8220;4.16&#8243; _module_preset=&#8220;default&#8220; global_colors_info=&#8220;{}&#8220;][et_pb_image src=&#8220;https:\/\/landing.dewezet.de\/traumhaus\/wp-content\/uploads\/sites\/9\/2025\/12\/Gewinner-Sponsor-Steinmann-Bau-scaled.jpg&#8220; title_text=&#8220;Gewinner Sponsor Steinmann Bau&#8220; _builder_version=&#8220;4.27.5&#8243; _module_preset=&#8220;default&#8220; border_radii=&#8220;on|12px|12px|12px|12px&#8220; global_colors_info=&#8220;{}&#8220;][\/et_pb_image][\/et_pb_column][et_pb_column type=&#8220;1_3&#8243; _builder_version=&#8220;4.16&#8243; _module_preset=&#8220;default&#8220; global_colors_info=&#8220;{}&#8220;][et_pb_image src=&#8220;https:\/\/landing.dewezet.de\/traumhaus\/wp-content\/uploads\/sites\/9\/2025\/12\/Gewinner-Grundschule-scaled.jpg&#8220; title_text=&#8220;Gewinner Grundschule&#8220; _builder_version=&#8220;4.27.5&#8243; _module_preset=&#8220;default&#8220; border_radii=&#8220;on|12px|12px|12px|12px&#8220; global_colors_info=&#8220;{}&#8220;][\/et_pb_image][\/et_pb_column][\/et_pb_row][et_pb_row make_equal=&#8220;on&#8220; _builder_version=&#8220;4.16&#8243; _module_preset=&#8220;default&#8220; custom_css_main_element=&#8220;align-items: center;&#8220; global_colors_info=&#8220;{}&#8220;][et_pb_column type=&#8220;4_4&#8243; _builder_version=&#8220;4.16&#8243; _module_preset=&#8220;default&#8220; global_colors_info=&#8220;{}&#8220;][et_pb_text _builder_version=&#8220;4.27.5&#8243; _module_preset=&#8220;default&#8220; text_text_color=&#8220;#565656&#8243; text_font_size=&#8220;1rem&#8220; text_line_height=&#8220;1.8em&#8220; header_2_font=&#8220;|700|||||||&#8220; header_2_text_color=&#8220;#333333&#8243; header_2_font_size=&#8220;2rem&#8220; header_2_letter_spacing=&#8220;-0.03em&#8220; header_2_line_height=&#8220;1.3em&#8220; header_2_font_size_tablet=&#8220;1.5rem&#8220; header_2_font_size_phone=&#8220;1.5rem&#8220; header_2_font_size_last_edited=&#8220;on|desktop&#8220; global_colors_info=&#8220;{}&#8220;]<\/p>\n<p>Der Gruppenpreis \u2013 100 Euro f\u00fcr die \u201eKlassenkasse\u201c, beigesteuert von DEWEZET \u2013 geht in diesem Jahr an die Grundschule am Ith aus Coppenbr\u00fcgge. Eine \u201eAbordnung\u201c aus Sch\u00fclern, Lehrkraft und M\u00fcttern nahm den Preis entgegen.<\/p>\n<p>Damit nicht genug: Weitere \u201eTrostpreise\u201c wurden an flei\u00dfige Jungarchitekten \u00fcberreicht. Till T\u00f6nsg\u00f6ke (3) aus Hessisch Oldendorf, Milo und Paula St\u00f6vesand (7 und 4) aus L\u00fcgde, Hanna Fr\u00fcsemers (9) aus Hameln, Ida und Ole Janack (4 und 16) aus Bad M\u00fcnder, Paul Ridderbusch (9) und Daniel Heuer (8) aus Aerzen, Lenox und Julian Br\u00fcckner, Louisa Reich (9) aus Halle, Ida Schedlitzki (9), Emilia R\u00f6pke (9) sowie Oscar D\u00f6ffinger (10) (alle drei Hessisch Oldendorf) zeigten den \u00fcber 80 Anwesenden bei der Gewinn\u00fcbergabe stolz ihre Traumh\u00e4user und freuten sich \u00fcber unterschiedliche Spiele.<\/p>\n<p>[\/et_pb_text][et_pb_image src=&#8220;https:\/\/landing.dewezet.de\/traumhaus\/wp-content\/uploads\/sites\/9\/2025\/12\/Gewinner-4-bis-10-scaled.jpg&#8220; _builder_version=&#8220;4.27.5&#8243; _module_preset=&#8220;default&#8220; title_text=&#8220;Gewinner 4 bis 10&#8243; border_radii=&#8220;on|12px|12px|12px|12px&#8220; hover_enabled=&#8220;0&#8243; sticky_enabled=&#8220;0&#8243;][\/et_pb_image][\/et_pb_column][\/et_pb_row][\/et_pb_section][et_pb_section fb_built=&#8220;1&#8243; _builder_version=&#8220;4.16&#8243; _module_preset=&#8220;default&#8220; global_colors_info=&#8220;{}&#8220;][et_pb_row column_structure=&#8220;1_6,1_6,1_6,1_6,1_6,1_6&#8243; _builder_version=&#8220;4.27.5&#8243; _module_preset=&#8220;default&#8220; max_width_tablet=&#8220;&#8220; max_width_phone=&#8220;60%&#8220; max_width_last_edited=&#8220;on|phone&#8220; custom_css_main_element=&#8220;align-items: center;&#8220; global_colors_info=&#8220;{}&#8220;][et_pb_column type=&#8220;1_6&#8243; _builder_version=&#8220;4.16&#8243; _module_preset=&#8220;default&#8220; global_colors_info=&#8220;{}&#8220;][et_pb_image src=&#8220;https:\/\/landing.dewezet.de\/traumhaus\/wp-content\/uploads\/sites\/9\/2022\/10\/1.png&#8220; title_text=&#8220;1&#8243; url=&#8220;http:\/\/www.beissner-hochbau.de\/&#8220; url_new_window=&#8220;on&#8220; _builder_version=&#8220;4.16&#8243; _module_preset=&#8220;default&#8220; global_colors_info=&#8220;{}&#8220;][\/et_pb_image][\/et_pb_column][et_pb_column type=&#8220;1_6&#8243; _builder_version=&#8220;4.16&#8243; _module_preset=&#8220;default&#8220; global_colors_info=&#8220;{}&#8220;][et_pb_image src=&#8220;https:\/\/landing.dewezet.de\/traumhaus\/wp-content\/uploads\/sites\/9\/2022\/10\/2.png&#8220; title_text=&#8220;2&#8243; url=&#8220;https:\/\/www.spkhw.de\/&#8220; url_new_window=&#8220;on&#8220; _builder_version=&#8220;4.16&#8243; _module_preset=&#8220;default&#8220; global_colors_info=&#8220;{}&#8220;][\/et_pb_image][\/et_pb_column][et_pb_column type=&#8220;1_6&#8243; _builder_version=&#8220;4.16&#8243; _module_preset=&#8220;default&#8220; global_colors_info=&#8220;{}&#8220;][et_pb_image src=&#8220;https:\/\/landing.dewezet.de\/traumhaus\/wp-content\/uploads\/sites\/9\/2024\/11\/Steinmann-Bau.png&#8220; title_text=&#8220;Steinmann Bau&#8220; url=&#8220;https:\/\/www.steinmannbau.de\/index.htm&#8220; url_new_window=&#8220;on&#8220; _builder_version=&#8220;4.16&#8243; _module_preset=&#8220;default&#8220; global_colors_info=&#8220;{}&#8220;][\/et_pb_image][\/et_pb_column][et_pb_column type=&#8220;1_6&#8243; _builder_version=&#8220;4.16&#8243; _module_preset=&#8220;default&#8220; global_colors_info=&#8220;{}&#8220;][et_pb_image src=&#8220;https:\/\/landing.dewezet.de\/traumhaus\/wp-content\/uploads\/sites\/9\/2025\/12\/Honig-Bautsoffe-Logo2025.jpg&#8220; title_text=&#8220;Honig-Bautsoffe-Logo2025&#8243; url=&#8220;http:\/\/www.honig-baustoffe.de\/&#8220; _builder_version=&#8220;4.27.5&#8243; _module_preset=&#8220;default&#8220; custom_margin=&#8220;10px||||false|false&#8220; custom_margin_tablet=&#8220;10px||||false|false&#8220; custom_margin_phone=&#8220;10px||20px||false|false&#8220; custom_margin_last_edited=&#8220;on|phone&#8220; global_colors_info=&#8220;{}&#8220;][\/et_pb_image][\/et_pb_column][et_pb_column type=&#8220;1_6&#8243; _builder_version=&#8220;4.16&#8243; _module_preset=&#8220;default&#8220; global_colors_info=&#8220;{}&#8220;][et_pb_image src=&#8220;https:\/\/landing.dewezet.de\/traumhaus\/wp-content\/uploads\/sites\/9\/2025\/10\/bi-logo-mbd-tischlerei.png&#8220; title_text=&#8220;bi-logo-mbd-tischlerei&#8220; url=&#8220;http:\/\/www.dewezet.de\/&#8220; url_new_window=&#8220;on&#8220; _builder_version=&#8220;4.27.4&#8243; _module_preset=&#8220;default&#8220; global_colors_info=&#8220;{}&#8220;][\/et_pb_image][\/et_pb_column][et_pb_column type=&#8220;1_6&#8243; _builder_version=&#8220;4.16&#8243; _module_preset=&#8220;default&#8220; global_colors_info=&#8220;{}&#8220;][et_pb_image src=&#8220;https:\/\/landing.dewezet.de\/traumhaus\/wp-content\/uploads\/sites\/9\/2022\/10\/3.png&#8220; title_text=&#8220;3&#8243; url=&#8220;http:\/\/www.dewezet.de\/&#8220; url_new_window=&#8220;on&#8220; _builder_version=&#8220;4.16&#8243; _module_preset=&#8220;default&#8220; global_colors_info=&#8220;{}&#8220;][\/et_pb_image][\/et_pb_column][\/et_pb_row][\/et_pb_section]<\/p>\n","protected":false},"excerpt":{"rendered":"<p>Traumh\u00e4user von Haustr\u00e4umern Die Traumhaus-Aktion von DEWEZET und Pyrmonter NachrichtenDie Gewinner stehen fest! Vielen Dank an alle Einreichungen f\u00fcr die Traumhaus-Aktion 2025. Weiter unten auf dieser Seite finden sich alle Infos und Eindr\u00fccke von der Gewinn\u00fcbergabe.Gewinn\u00fcbergabe bei DEWEZET mit vielen G\u00e4sten und jetzt f\u00fcnf Sponsoren: Das war die Traumhaus-Aktion 2025 Welch ein Trubel in der [&hellip;]<\/p>\n","protected":false},"author":1,"featured_media":0,"parent":0,"menu_order":0,"comment_status":"closed","ping_status":"closed","template":"","meta":{"_et_pb_use_builder":"on","_et_pb_old_content":"","_et_gb_content_width":"","footnotes":""},"class_list":["post-6","page","type-page","status-publish","hentry"],"_links":{"self":[{"href":"https:\/\/landing.dewezet.de\/traumhaus\/wp-json\/wp\/v2\/pages\/6","targetHints":{"allow":["GET"]}}],"collection":[{"href":"https:\/\/landing.dewezet.de\/traumhaus\/wp-json\/wp\/v2\/pages"}],"about":[{"href":"https:\/\/landing.dewezet.de\/traumhaus\/wp-json\/wp\/v2\/types\/page"}],"author":[{"embeddable":true,"href":"https:\/\/landing.dewezet.de\/traumhaus\/wp-json\/wp\/v2\/users\/1"}],"replies":[{"embeddable":true,"href":"https:\/\/landing.dewezet.de\/traumhaus\/wp-json\/wp\/v2\/comments?post=6"}],"version-history":[{"count":70,"href":"https:\/\/landing.dewezet.de\/traumhaus\/wp-json\/wp\/v2\/pages\/6\/revisions"}],"predecessor-version":[{"id":292,"href":"https:\/\/landing.dewezet.de\/traumhaus\/wp-json\/wp\/v2\/pages\/6\/revisions\/292"}],"wp:attachment":[{"href":"https:\/\/landing.dewezet.de\/traumhaus\/wp-json\/wp\/v2\/media?parent=6"}],"curies":[{"name":"wp","href":"https:\/\/api.w.org\/{rel}","templated":true}]}}